{"id":3,"date":"2022-05-13T14:50:20","date_gmt":"2022-05-13T12:50:20","guid":{"rendered":"https:\/\/vivianecaptin.fr\/blog\/?page_id=3"},"modified":"2022-05-18T10:33:46","modified_gmt":"2022-05-18T08:33:46","slug":"politique-de-confidentialite","status":"publish","type":"page","link":"https:\/\/vivianecaptin.fr\/blog\/politique-de-confidentialite\/","title":{"rendered":"Politique de confidentialit\u00e9"},"content":{"rendered":"\n<h2 class=\"wp-block-heading\">Mentions l\u00e9gales<\/h2>\n\n\n\n<p>Le site https:\/\/vivianecaptin.fr\/blog\/ est \u00e9dit\u00e9 par viviane<\/p>\n\n\n\n<h2 class=\"wp-block-heading\">Editeur<\/h2>\n\n\n\n<p>Viviane<\/p>\n\n\n\n<p>Adresse fictive<\/p>\n\n\n\n<p>Directeur de la publication : viviane<\/p>\n\n\n\n<h2 class=\"wp-block-heading\">H\u00e9bergement<\/h2>\n\n\n\n<p>Le super computeur<\/p>\n\n\n\n<h2 class=\"wp-block-heading\">Cr\u00e9dits<\/h2>\n\n\n\n<p>Photos&nbsp;: viviane<\/p>\n\n\n\n<h2 class=\"wp-block-heading\">Objectif et qualit\u00e9 des contenus<\/h2>\n\n\n\n<p>Ce site a pour objectif d\u2019informer le grand public. &nbsp;Nous nous efforceons de fournir une information de qualit\u00e9 et v\u00e9rifi\u00e9e, toutefois si une information semble inexacte ou contient une erreur typographique, vous pouvez le signaler \u00e0 l\u2019administrateur du site.<\/p>\n\n\n\n<h2 class=\"wp-block-heading\">R\u00e9utilisation des contenus<\/h2>\n\n\n\n<p>Leur utilisation sans autorisation \u00e9crite de viviane, sur tout support, \u00e0 des fins de valorisation de produits ou de services, notamment \u00e0 des fins commerciales, est interdite sous peine de poursuites p\u00e9nales et civiles.<\/p>\n\n\n\n<p>Pour toute r\u00e9utilisation, nous contacter<\/p>\n\n\n\n<p><\/p>\n","protected":false},"excerpt":{"rendered":"<p>Mentions l\u00e9gales Le site https:\/\/vivianecaptin.fr\/blog\/ est \u00e9dit\u00e9 par viviane Editeur Viviane Adresse fictive Directeur de la publication : viviane H\u00e9bergement Le super computeur Cr\u00e9dits Photos&nbsp;: viviane Objectif et qualit\u00e9 des contenus Ce site a pour objectif d\u2019informer le grand public. &nbsp;Nous nous efforceons de fournir une information de qualit\u00e9 et v\u00e9rifi\u00e9e, toutefois si une information [&hellip;]<\/p>\n","protected":false},"author":1,"featured_media":0,"parent":0,"menu_order":0,"comment_status":"closed","ping_status":"open","template":"","meta":{"_et_pb_use_builder":"","_et_pb_old_content":"","_et_gb_content_width":"","footnotes":""},"class_list":["post-3","page","type-page","status-publish","hentry"],"_links":{"self":[{"href":"https:\/\/vivianecaptin.fr\/blog\/wp-json\/wp\/v2\/pages\/3","targetHints":{"allow":["GET"]}}],"collection":[{"href":"https:\/\/vivianecaptin.fr\/blog\/wp-json\/wp\/v2\/pages"}],"about":[{"href":"https:\/\/vivianecaptin.fr\/blog\/wp-json\/wp\/v2\/types\/page"}],"author":[{"embeddable":true,"href":"https:\/\/vivianecaptin.fr\/blog\/wp-json\/wp\/v2\/users\/1"}],"replies":[{"embeddable":true,"href":"https:\/\/vivianecaptin.fr\/blog\/wp-json\/wp\/v2\/comments?post=3"}],"version-history":[{"count":3,"href":"https:\/\/vivianecaptin.fr\/blog\/wp-json\/wp\/v2\/pages\/3\/revisions"}],"predecessor-version":[{"id":602,"href":"https:\/\/vivianecaptin.fr\/blog\/wp-json\/wp\/v2\/pages\/3\/revisions\/602"}],"wp:attachment":[{"href":"https:\/\/vivianecaptin.fr\/blog\/wp-json\/wp\/v2\/media?parent=3"}],"curies":[{"name":"wp","href":"https:\/\/api.w.org\/{rel}","templated":true}]}}